{"id":137,"date":"2022-04-04T11:12:28","date_gmt":"2022-04-04T10:12:28","guid":{"rendered":"http:\/\/5.161.88.190:9090\/?page_id=137"},"modified":"2023-03-07T10:20:52","modified_gmt":"2023-03-07T08:20:52","slug":"werben","status":"publish","type":"page","link":"https:\/\/mytrails.info\/de\/werben\/","title":{"rendered":"Werben"},"content":{"rendered":"\t\t<div data-elementor-type=\"wp-page\" data-elementor-id=\"137\" class=\"elementor elementor-137\" data-elementor-post-type=\"page\">\n\t\t\t\t\t\t<section class=\"penci-section penci-disSticky penci-structure-10 elementor-section elementor-top-section elementor-element elementor-element-c11bbf0 elementor-section-boxed elementor-section-height-default elementor-section-height-default\" data-id=\"c11bbf0\" data-element_type=\"section\">\n\t\t\t\t\t\t<div class=\"elementor-container elementor-column-gap-default\">\n\t\t\t\t\t<div class=\"penci-ercol-100 penci-ercol-order-1 penci-sticky-ct    elementor-column elementor-col-100 elementor-top-column elementor-element elementor-element-4f355a9\" data-id=\"4f355a9\" data-element_type=\"column\">\n\t\t\t<div class=\"elementor-widget-wrap elementor-element-populated\">\n\t\t\t\t\t\t<div class=\"elementor-element elementor-element-fb70a28 elementor-widget elementor-widget-heading\" data-id=\"fb70a28\" data-element_type=\"widget\" data-widget_type=\"heading.default\">\n\t\t\t\t<div class=\"elementor-widget-container\">\n\t\t\t<style>\/*! elementor - v3.19.0 - 05-02-2024 *\/\n.elementor-heading-title{padding:0;margin:0;line-height:1}.elementor-widget-heading .elementor-heading-title[class*=elementor-size-]>a{color:inherit;font-size:inherit;line-height:inherit}.elementor-widget-heading .elementor-heading-title.elementor-size-small{font-size:15px}.elementor-widget-heading .elementor-heading-title.elementor-size-medium{font-size:19px}.elementor-widget-heading .elementor-heading-title.elementor-size-large{font-size:29px}.elementor-widget-heading .elementor-heading-title.elementor-size-xl{font-size:39px}.elementor-widget-heading .elementor-heading-title.elementor-size-xxl{font-size:59px}<\/style><h1 class=\"elementor-heading-title elementor-size-default\">Werben bei MyTrails<\/h1>\t\t<\/div>\n\t\t\t\t<\/div>\n\t\t\t\t\t<\/div>\n\t\t<\/div>\n\t\t\t\t\t<\/div>\n\t\t<\/section>\n\t\t\t\t<section class=\"penci-section penci-disSticky penci-structure-21 elementor-section elementor-top-section elementor-element elementor-element-cdbed83 elementor-section-boxed elementor-section-height-default elementor-section-height-default\" data-id=\"cdbed83\" data-element_type=\"section\">\n\t\t\t\t\t\t<div class=\"elementor-container elementor-column-gap-default\">\n\t\t\t\t\t<div class=\"penci-ercol-33 penci-ercol-order-1 penci-sticky-sb penci-sidebarSC   elementor-column elementor-col-33 elementor-top-column elementor-element elementor-element-a2bd16d\" data-id=\"a2bd16d\" data-element_type=\"column\">\n\t\t\t<div class=\"elementor-widget-wrap elementor-element-populated\">\n\t\t\t\t\t\t<div class=\"elementor-element elementor-element-9ceddcb elementor-widget elementor-widget-text-editor\" data-id=\"9ceddcb\" data-element_type=\"widget\" data-widget_type=\"text-editor.default\">\n\t\t\t\t<div class=\"elementor-widget-container\">\n\t\t\t<style>\/*! elementor - v3.19.0 - 05-02-2024 *\/\n.elementor-widget-text-editor.elementor-drop-cap-view-stacked .elementor-drop-cap{background-color:#69727d;color:#fff}.elementor-widget-text-editor.elementor-drop-cap-view-framed .elementor-drop-cap{color:#69727d;border:3px solid;background-color:transparent}.elementor-widget-text-editor:not(.elementor-drop-cap-view-default) .elementor-drop-cap{margin-top:8px}.elementor-widget-text-editor:not(.elementor-drop-cap-view-default) .elementor-drop-cap-letter{width:1em;height:1em}.elementor-widget-text-editor .elementor-drop-cap{float:left;text-align:center;line-height:1;font-size:50px}.elementor-widget-text-editor .elementor-drop-cap-letter{display:inline-block}<\/style>\t\t\t\t<p style=\"font-family: Arial, Helvetica, sans-serif; font-weight: 400; text-align: start; font-stretch: normal; font-size: 14px; line-height: normal; color: #676767;\">Bei\u00a0<i>MyTrails\u00a0<\/i>fokussieren wir uns auf Informationen zu Trekkingtouren und Weitwanderungen sowie die daf\u00fcr ben\u00f6tigte Ausr\u00fcstung. Outdoor-Enthusiasten stellen wir viele n\u00fctzliche Inhalte und Werkzeuge f\u00fcr die Planung ihres n\u00e4chsten Abenteuers zur Verf\u00fcgung.<\/p><p style=\"font-family: Arial, Helvetica, sans-serif; font-weight: 400; text-align: start; font-stretch: normal; font-size: 14px; line-height: normal; color: #676767;\">\u00dcber unsere Plattform k\u00f6nnen wir Werbetreibenden und Unternehmen aus der Tourismus- und Outdoorbranche Zugang zu einer hochgradig spezifischen Zielgruppe bieten.\u00a0<\/p><p style=\"font-family: Arial, Helvetica, sans-serif; font-weight: 400; text-align: start; font-stretch: normal; font-size: 14px; line-height: normal; color: #676767;\">Auf MyTrails trefft ihr auf relevante Kundenbed\u00fcrfnisse mit einem perfekten Match zu euren Produkten und Dienstleistungen.\u00a0<\/p><p style=\"font-family: Arial, Helvetica, sans-serif; font-weight: 400; text-align: start; font-stretch: normal; font-size: 14px; line-height: normal; color: #676767;\">F\u00fcr die Positionierung eurer Angebote bieten wir exklusive\u00a0<wbr \/>Zusammenarbeitsmodelle. Dazu geh\u00f6ren unter anderem: \u00a0<\/p><ul style=\"color: #222222; font-family: Arial, Helvetica, sans-serif; font-size: small;\"><li style=\"margin-bottom: 17px; font-stretch: normal; font-size: 14px; line-height: normal; color: #676767;\">Bannerwerbung<\/li><li style=\"margin-bottom: 17px; font-stretch: normal; font-size: 14px; line-height: normal; color: #676767;\">Advertorials<\/li><li style=\"margin-bottom: 17px; font-stretch: normal; font-size: 14px; line-height: normal; color: #676767;\">Affiliate-Links<\/li><li style=\"margin-bottom: 17px; font-stretch: normal; font-size: 14px; line-height: normal; color: #676767;\">Sponsered Trails<\/li><li style=\"margin-bottom: 17px; font-stretch: normal; font-size: 14px; line-height: normal; color: #676767;\">Aufnahme von Artikeln in den MyTrails-Packlistengenerator<\/li><\/ul><p style=\"font-family: Arial, Helvetica, sans-serif; font-weight: 400; text-align: start; font-stretch: normal; font-size: 14px; line-height: normal; color: #676767;\">Klingt spannend? F\u00fcr weitere Details sind wir unter\u00a0<a style=\"color: #1155cc;\" href=\"mailto:advertise@mytrails.info\" target=\"_blank\" rel=\"noopener\"><span style=\"color: #26bbd1;\">advertise@mytrails.info<\/span><\/a>\u00a0f\u00fcr euch erreichbar<\/p>\t\t\t\t\t\t<\/div>\n\t\t\t\t<\/div>\n\t\t\t\t\t<\/div>\n\t\t<\/div>\n\t\t\t\t<div class=\"penci-ercol-66 penci-ercol-order-2 penci-sticky-ct    elementor-column elementor-col-66 elementor-top-column elementor-element elementor-element-ac0caab\" data-id=\"ac0caab\" data-element_type=\"column\">\n\t\t\t<div class=\"elementor-widget-wrap elementor-element-populated\">\n\t\t\t\t\t\t<div class=\"elementor-element elementor-element-a13c274 elementor-widget elementor-widget-image\" data-id=\"a13c274\" data-element_type=\"widget\" data-widget_type=\"image.default\">\n\t\t\t\t<div class=\"elementor-widget-container\">\n\t\t\t<style>\/*! elementor - v3.19.0 - 05-02-2024 *\/\n.elementor-widget-image{text-align:center}.elementor-widget-image a{display:inline-block}.elementor-widget-image a img[src$=\".svg\"]{width:48px}.elementor-widget-image img{vertical-align:middle;display:inline-block}<\/style>\t\t\t\t\t\t\t\t\t\t<img fetchpriority=\"high\" decoding=\"async\" width=\"1000\" height=\"667\" src=\"https:\/\/mytrails.info\/wp-content\/uploads\/2023\/01\/Werbung-schalten-Bannerwerbung-Outdoor-Trekking-Wandern-MyTrails.webp\" class=\"attachment-large size-large wp-image-3863\" alt=\"\" srcset=\"https:\/\/mytrails.info\/wp-content\/uploads\/2023\/01\/Werbung-schalten-Bannerwerbung-Outdoor-Trekking-Wandern-MyTrails.webp 1000w, https:\/\/mytrails.info\/wp-content\/uploads\/2023\/01\/Werbung-schalten-Bannerwerbung-Outdoor-Trekking-Wandern-MyTrails-300x200.webp 300w, https:\/\/mytrails.info\/wp-content\/uploads\/2023\/01\/Werbung-schalten-Bannerwerbung-Outdoor-Trekking-Wandern-MyTrails-768x512.webp 768w, https:\/\/mytrails.info\/wp-content\/uploads\/2023\/01\/Werbung-schalten-Bannerwerbung-Outdoor-Trekking-Wandern-MyTrails-585x390.webp 585w, https:\/\/mytrails.info\/wp-content\/uploads\/2023\/01\/Werbung-schalten-Bannerwerbung-Outdoor-Trekking-Wandern-MyTrails-263x175.webp 263w\" sizes=\"(max-width: 1000px) 100vw, 1000px\" \/>\t\t\t\t\t\t\t\t\t\t\t\t\t<\/div>\n\t\t\t\t<\/div>\n\t\t\t\t\t<\/div>\n\t\t<\/div>\n\t\t\t\t\t<\/div>\n\t\t<\/section>\n\t\t\t\t<\/div>\n\t\t","protected":false},"excerpt":{"rendered":"<p>Werben bei MyTrails Bei\u00a0MyTrails\u00a0fokussieren wir uns auf Informationen zu Trekkingtouren und Weitwanderungen sowie die daf\u00fcr ben\u00f6tigte Ausr\u00fcstung. Outdoor-Enthusiasten stellen wir viele n\u00fctzliche&hellip;<\/p>\n","protected":false},"author":2,"featured_media":0,"parent":0,"menu_order":0,"comment_status":"closed","ping_status":"closed","template":"","meta":{"footnotes":""},"class_list":["post-137","page","type-page","status-publish","hentry"],"_links":{"self":[{"href":"https:\/\/mytrails.info\/de\/wp-json\/wp\/v2\/pages\/137","targetHints":{"allow":["GET"]}}],"collection":[{"href":"https:\/\/mytrails.info\/de\/wp-json\/wp\/v2\/pages"}],"about":[{"href":"https:\/\/mytrails.info\/de\/wp-json\/wp\/v2\/types\/page"}],"author":[{"embeddable":true,"href":"https:\/\/mytrails.info\/de\/wp-json\/wp\/v2\/users\/2"}],"replies":[{"embeddable":true,"href":"https:\/\/mytrails.info\/de\/wp-json\/wp\/v2\/comments?post=137"}],"version-history":[{"count":70,"href":"https:\/\/mytrails.info\/de\/wp-json\/wp\/v2\/pages\/137\/revisions"}],"predecessor-version":[{"id":4496,"href":"https:\/\/mytrails.info\/de\/wp-json\/wp\/v2\/pages\/137\/revisions\/4496"}],"wp:attachment":[{"href":"https:\/\/mytrails.info\/de\/wp-json\/wp\/v2\/media?parent=137"}],"curies":[{"name":"wp","href":"https:\/\/api.w.org\/{rel}","templated":true}]}}