{"id":2043,"date":"2022-05-03T08:27:18","date_gmt":"2022-05-03T07:27:18","guid":{"rendered":"https:\/\/dev.mytrails.info\/?page_id=2043"},"modified":"2022-06-23T15:08:44","modified_gmt":"2022-06-23T13:08:44","slug":"deine-meinung","status":"publish","type":"page","link":"https:\/\/mytrails.info\/de\/deine-meinung\/","title":{"rendered":"Deine Meinung"},"content":{"rendered":"\t\t<div data-elementor-type=\"wp-page\" data-elementor-id=\"2043\" class=\"elementor elementor-2043\" data-elementor-post-type=\"page\">\n\t\t\t\t\t\t<section class=\"penci-section penci-disSticky penci-structure-20 elementor-section elementor-top-section elementor-element elementor-element-a45ea03 elementor-section-boxed elementor-section-height-default elementor-section-height-default\" data-id=\"a45ea03\" data-element_type=\"section\">\n\t\t\t\t\t\t<div class=\"elementor-container elementor-column-gap-default\">\n\t\t\t\t\t<div class=\"penci-ercol-50 penci-ercol-order-1 penci-sticky-ct    elementor-column elementor-col-50 elementor-top-column elementor-element elementor-element-f93bac1\" data-id=\"f93bac1\" data-element_type=\"column\">\n\t\t\t<div class=\"elementor-widget-wrap elementor-element-populated\">\n\t\t\t\t\t\t<div class=\"elementor-element elementor-element-ec5c1ec elementor-widget elementor-widget-text-editor\" data-id=\"ec5c1ec\" data-element_type=\"widget\" data-widget_type=\"text-editor.default\">\n\t\t\t\t<div class=\"elementor-widget-container\">\n\t\t\t<style>\/*! elementor - v3.19.0 - 05-02-2024 *\/\n.elementor-widget-text-editor.elementor-drop-cap-view-stacked .elementor-drop-cap{background-color:#69727d;color:#fff}.elementor-widget-text-editor.elementor-drop-cap-view-framed .elementor-drop-cap{color:#69727d;border:3px solid;background-color:transparent}.elementor-widget-text-editor:not(.elementor-drop-cap-view-default) .elementor-drop-cap{margin-top:8px}.elementor-widget-text-editor:not(.elementor-drop-cap-view-default) .elementor-drop-cap-letter{width:1em;height:1em}.elementor-widget-text-editor .elementor-drop-cap{float:left;text-align:center;line-height:1;font-size:50px}.elementor-widget-text-editor .elementor-drop-cap-letter{display:inline-block}<\/style>\t\t\t\t<p>MyTrails ist erst seit Mitte Juni 2022 online und befindet sich noch in einem sehr fr\u00fchen Stadium. Bis jetzt sind nur etwas mehr als 100 der geplanten 1.000 Weitwanderwege online und auch die Funktionalit\u00e4t der Webseite wird in den kommenden Monaten noch deutlich ausgebaut.\u00a0<\/p><p>Wir m\u00f6chten aber vermeiden, Funktionen einzubauen, die niemanden interessieren. Daher w\u00e4re uns deine Meinung sehr wichtig! Was gef\u00e4llt dir an MyTrails gut? Was weniger gut? Was w\u00fcrdest du dir f\u00fcr die Zukunft w\u00fcnschen?<\/p><p>Mit deiner Teilnahme an der Umfrage hast du die M\u00f6glichkeit MyTrails aktiv mitzugestalten! Die Umfrage ist vollkommen anonym und wir fragen keine personenbezogenen Daten ab.<\/p><p>\u00dcber deine Teilnahme w\u00fcrden wir uns sehr freuen!<\/p><p>\u00a0<\/p>\t\t\t\t\t\t<\/div>\n\t\t\t\t<\/div>\n\t\t\t\t<div class=\"elementor-element elementor-element-6bb233f elementor-align-center elementor-widget elementor-widget-button\" data-id=\"6bb233f\" data-element_type=\"widget\" data-widget_type=\"button.default\">\n\t\t\t\t<div class=\"elementor-widget-container\">\n\t\t\t\t\t<div class=\"elementor-button-wrapper\">\n\t\t\t<a class=\"elementor-button elementor-button-link elementor-size-md\" href=\"https:\/\/docs.google.com\/forms\/d\/e\/1FAIpQLSfAs5kfV3SGDofqwL_FQSt1UAeo4qxdc_dOJgrSDKC66aV9OQ\/viewform?usp=sf_link\" target=\"_blank\" rel=\"nofollow noopener\">\n\t\t\t\t\t\t<span class=\"elementor-button-content-wrapper\">\n\t\t\t\t\t\t<span class=\"elementor-button-text\">Teilnehmen<\/span>\n\t\t<\/span>\n\t\t\t\t\t<\/a>\n\t\t<\/div>\n\t\t\t\t<\/div>\n\t\t\t\t<\/div>\n\t\t\t\t\t<\/div>\n\t\t<\/div>\n\t\t\t\t<div class=\"penci-ercol-50 penci-ercol-order-2 penci-sticky-ct    elementor-column elementor-col-50 elementor-top-column elementor-element elementor-element-2faa70e\" data-id=\"2faa70e\" data-element_type=\"column\">\n\t\t\t<div class=\"elementor-widget-wrap elementor-element-populated\">\n\t\t\t\t\t\t<div class=\"elementor-element elementor-element-34d69ef elementor-widget elementor-widget-image\" data-id=\"34d69ef\" data-element_type=\"widget\" data-widget_type=\"image.default\">\n\t\t\t\t<div class=\"elementor-widget-container\">\n\t\t\t<style>\/*! elementor - v3.19.0 - 05-02-2024 *\/\n.elementor-widget-image{text-align:center}.elementor-widget-image a{display:inline-block}.elementor-widget-image a img[src$=\".svg\"]{width:48px}.elementor-widget-image img{vertical-align:middle;display:inline-block}<\/style>\t\t\t\t\t\t\t\t\t\t<img fetchpriority=\"high\" decoding=\"async\" width=\"900\" height=\"750\" src=\"https:\/\/mytrails.info\/wp-content\/uploads\/2022\/05\/your-opionion-matters-900x750-1.jpg\" class=\"attachment-full size-full wp-image-2441\" alt=\"\" srcset=\"https:\/\/mytrails.info\/wp-content\/uploads\/2022\/05\/your-opionion-matters-900x750-1.jpg 900w, https:\/\/mytrails.info\/wp-content\/uploads\/2022\/05\/your-opionion-matters-900x750-1-300x250.jpg 300w, https:\/\/mytrails.info\/wp-content\/uploads\/2022\/05\/your-opionion-matters-900x750-1-768x640.jpg 768w, https:\/\/mytrails.info\/wp-content\/uploads\/2022\/05\/your-opionion-matters-900x750-1-585x488.jpg 585w\" sizes=\"(max-width: 900px) 100vw, 900px\" \/>\t\t\t\t\t\t\t\t\t\t\t\t\t<\/div>\n\t\t\t\t<\/div>\n\t\t\t\t\t<\/div>\n\t\t<\/div>\n\t\t\t\t\t<\/div>\n\t\t<\/section>\n\t\t\t\t<\/div>\n\t\t","protected":false},"excerpt":{"rendered":"<p>MyTrails ist erst seit Mitte Juni 2022 online und befindet sich noch in einem sehr fr\u00fchen Stadium. Bis jetzt sind nur etwas&hellip;<\/p>\n","protected":false},"author":2,"featured_media":0,"parent":0,"menu_order":0,"comment_status":"closed","ping_status":"closed","template":"","meta":{"footnotes":""},"class_list":["post-2043","page","type-page","status-publish","hentry"],"_links":{"self":[{"href":"https:\/\/mytrails.info\/de\/wp-json\/wp\/v2\/pages\/2043","targetHints":{"allow":["GET"]}}],"collection":[{"href":"https:\/\/mytrails.info\/de\/wp-json\/wp\/v2\/pages"}],"about":[{"href":"https:\/\/mytrails.info\/de\/wp-json\/wp\/v2\/types\/page"}],"author":[{"embeddable":true,"href":"https:\/\/mytrails.info\/de\/wp-json\/wp\/v2\/users\/2"}],"replies":[{"embeddable":true,"href":"https:\/\/mytrails.info\/de\/wp-json\/wp\/v2\/comments?post=2043"}],"version-history":[{"count":44,"href":"https:\/\/mytrails.info\/de\/wp-json\/wp\/v2\/pages\/2043\/revisions"}],"predecessor-version":[{"id":3045,"href":"https:\/\/mytrails.info\/de\/wp-json\/wp\/v2\/pages\/2043\/revisions\/3045"}],"wp:attachment":[{"href":"https:\/\/mytrails.info\/de\/wp-json\/wp\/v2\/media?parent=2043"}],"curies":[{"name":"wp","href":"https:\/\/api.w.org\/{rel}","templated":true}]}}