{"id":21,"date":"2022-03-02T23:54:43","date_gmt":"2022-03-02T22:54:43","guid":{"rendered":"http:\/\/157.90.228.52:8080\/?page_id=21"},"modified":"2023-05-23T08:39:12","modified_gmt":"2023-05-23T06:39:12","slug":"ueber-uns","status":"publish","type":"page","link":"https:\/\/mytrails.info\/de\/ueber-uns\/","title":{"rendered":"\u00dcber Uns"},"content":{"rendered":"\t\t<div data-elementor-type=\"wp-page\" data-elementor-id=\"21\" class=\"elementor elementor-21\" data-elementor-post-type=\"page\">\n\t\t\t\t\t\t<section class=\"penci-section penci-disSticky penci-structure-20 elementor-section elementor-top-section elementor-element elementor-element-0faeec4 elementor-section-boxed elementor-section-height-default elementor-section-height-default\" data-id=\"0faeec4\" data-element_type=\"section\">\n\t\t\t\t\t\t<div class=\"elementor-container elementor-column-gap-default\">\n\t\t\t\t\t<div class=\"penci-ercol-50 penci-ercol-order-1 penci-sticky-ct    elementor-column elementor-col-50 elementor-top-column elementor-element elementor-element-e78cd7a\" data-id=\"e78cd7a\" data-element_type=\"column\">\n\t\t\t<div class=\"elementor-widget-wrap elementor-element-populated\">\n\t\t\t\t\t\t<div class=\"elementor-element elementor-element-87e2846 elementor-widget elementor-widget-image\" data-id=\"87e2846\" data-element_type=\"widget\" data-widget_type=\"image.default\">\n\t\t\t\t<div class=\"elementor-widget-container\">\n\t\t\t<style>\/*! elementor - v3.19.0 - 05-02-2024 *\/\n.elementor-widget-image{text-align:center}.elementor-widget-image a{display:inline-block}.elementor-widget-image a img[src$=\".svg\"]{width:48px}.elementor-widget-image img{vertical-align:middle;display:inline-block}<\/style>\t\t\t\t\t\t\t\t\t\t<img fetchpriority=\"high\" decoding=\"async\" width=\"533\" height=\"800\" src=\"https:\/\/mytrails.info\/wp-content\/uploads\/2022\/07\/MyTrails_Team.jpg\" class=\"attachment-large size-large wp-image-3076\" alt=\"\" srcset=\"https:\/\/mytrails.info\/wp-content\/uploads\/2022\/07\/MyTrails_Team.jpg 533w, https:\/\/mytrails.info\/wp-content\/uploads\/2022\/07\/MyTrails_Team-200x300.jpg 200w\" sizes=\"(max-width: 533px) 100vw, 533px\" \/>\t\t\t\t\t\t\t\t\t\t\t\t\t<\/div>\n\t\t\t\t<\/div>\n\t\t\t\t\t<\/div>\n\t\t<\/div>\n\t\t\t\t<div class=\"penci-ercol-50 penci-ercol-order-2 penci-sticky-ct    elementor-column elementor-col-50 elementor-top-column elementor-element elementor-element-6d4c5d0\" data-id=\"6d4c5d0\" data-element_type=\"column\">\n\t\t\t<div class=\"elementor-widget-wrap elementor-element-populated\">\n\t\t\t\t\t\t<div class=\"elementor-element elementor-element-95fe18f elementor-widget elementor-widget-text-editor\" data-id=\"95fe18f\" data-element_type=\"widget\" data-widget_type=\"text-editor.default\">\n\t\t\t\t<div class=\"elementor-widget-container\">\n\t\t\t<style>\/*! elementor - v3.19.0 - 05-02-2024 *\/\n.elementor-widget-text-editor.elementor-drop-cap-view-stacked .elementor-drop-cap{background-color:#69727d;color:#fff}.elementor-widget-text-editor.elementor-drop-cap-view-framed .elementor-drop-cap{color:#69727d;border:3px solid;background-color:transparent}.elementor-widget-text-editor:not(.elementor-drop-cap-view-default) .elementor-drop-cap{margin-top:8px}.elementor-widget-text-editor:not(.elementor-drop-cap-view-default) .elementor-drop-cap-letter{width:1em;height:1em}.elementor-widget-text-editor .elementor-drop-cap{float:left;text-align:center;line-height:1;font-size:50px}.elementor-widget-text-editor .elementor-drop-cap-letter{display:inline-block}<\/style>\t\t\t\t<p>Schon mal nach einer Fernwanderung gegoogelt? Ich verrate nicht zu viel, wenn ich sage, dass es teilweise eine Sisyphosaufgabe ist, einen passenden Trail zu finden. Insbesondere dann, wenn man spezielle W\u00fcnsche hat, wie z.B. wild zu campen oder mit dem Hund wandern zu gehen.&nbsp;<\/p>\n<p>Michael, Jonas und Stefan haben es sich zur Aufgabe gemacht, das zu \u00e4ndern!&nbsp;<\/p>\n<p>Seit Ende 2021 arbeiten wir von MyTrails GmbH daran, das weltweit umfangreichste Portal f\u00fcr Trekkingtouren aufzubauen und versuchen dabei, wirklich alle W\u00fcnsche und Belange der User zu ber\u00fccksichtigen.&nbsp; Du bist ein Abenteuertyp und suchst Trekkings fernab der Zivilisation? Wir haben sie! Oder bist du ganz neu in der Weitwanderbranche und noch etwas unsicher? Auch dann haben wir den passenden Trail f\u00fcr dich! Das alles, gepaart mit allen wichtigen Informationen, die du brauchst, um richtig planen zu k\u00f6nnen, findest du auf MyTrails. Nat\u00fcrlich kannst du nach allen Infos selbst suchen und auch entsprechend filtern.<\/p>\n<p>Kurzum: Wir bauen hier nicht einfach die x-te Webseite f\u00fcr Wanderrouten auf, sondern sind spezialisiert auf mehrt\u00e4gige Trekkingtouren mit dem Zelt oder in H\u00fctten.<\/p>\n<p><strong>Bei uns findest du dein n\u00e4chstes Abenteuer!<\/strong><\/p>\t\t\t\t\t\t<\/div>\n\t\t\t\t<\/div>\n\t\t\t\t\t<\/div>\n\t\t<\/div>\n\t\t\t\t\t<\/div>\n\t\t<\/section>\n\t\t\t\t<\/div>\n\t\t","protected":false},"excerpt":{"rendered":"<p>Schon mal nach einer Fernwanderung gegoogelt? Ich verrate nicht zu viel, wenn ich sage, dass es teilweise eine Sisyphosaufgabe ist, einen passenden&hellip;<\/p>\n","protected":false},"author":1,"featured_media":0,"parent":0,"menu_order":0,"comment_status":"closed","ping_status":"closed","template":"","meta":{"footnotes":""},"class_list":["post-21","page","type-page","status-publish","hentry"],"_links":{"self":[{"href":"https:\/\/mytrails.info\/de\/wp-json\/wp\/v2\/pages\/21","targetHints":{"allow":["GET"]}}],"collection":[{"href":"https:\/\/mytrails.info\/de\/wp-json\/wp\/v2\/pages"}],"about":[{"href":"https:\/\/mytrails.info\/de\/wp-json\/wp\/v2\/types\/page"}],"author":[{"embeddable":true,"href":"https:\/\/mytrails.info\/de\/wp-json\/wp\/v2\/users\/1"}],"replies":[{"embeddable":true,"href":"https:\/\/mytrails.info\/de\/wp-json\/wp\/v2\/comments?post=21"}],"version-history":[{"count":24,"href":"https:\/\/mytrails.info\/de\/wp-json\/wp\/v2\/pages\/21\/revisions"}],"predecessor-version":[{"id":4822,"href":"https:\/\/mytrails.info\/de\/wp-json\/wp\/v2\/pages\/21\/revisions\/4822"}],"wp:attachment":[{"href":"https:\/\/mytrails.info\/de\/wp-json\/wp\/v2\/media?parent=21"}],"curies":[{"name":"wp","href":"https:\/\/api.w.org\/{rel}","templated":true}]}}