{"id":3809,"date":"2023-01-20T10:07:50","date_gmt":"2023-01-20T08:07:50","guid":{"rendered":"https:\/\/mytrails.info\/?page_id=3809"},"modified":"2023-01-20T10:07:50","modified_gmt":"2023-01-20T08:07:50","slug":"nutzungsbedingungen","status":"publish","type":"page","link":"https:\/\/mytrails.info\/de\/nutzungsbedingungen\/","title":{"rendered":"Nutzungsbedingungen"},"content":{"rendered":"\n<p><strong>MyTrails<\/strong><\/p>\n\n\n\n<p>Willkommen bei MyTrails!<\/p>\n\n\n\n<p>Bitte lesen Sie die folgenden, f\u00fcr jeden Besucher der Website www.mytrails.info (im Folgenden &#8222;Website&#8220; genannt) geltenden Nutzungsbedingungen durch. Durch Nutzung dieser Website erkl\u00e4ren Sie konkludent Ihr Einverst\u00e4ndnis mit diesen Nutzungsbedingungen. Der Inhaber der Website beh\u00e4lt sich das Recht vor, die Informationen auf dieser Website jederzeit ohne vorherige Ank\u00fcndigung zu \u00e4ndern, zu streichen oder zu erg\u00e4nzen.<\/p>\n\n\n\n<p><strong>\u00a7 1<\/strong><\/p>\n\n\n\n<p><strong>Geltungsbereich<\/strong><\/p>\n\n\n\n<p>1. Die nachfolgenden Bedingungen gelten f\u00fcr die Nutzung der Website MyTrails (nachfolgend &#8222;Website&#8220;). F\u00fcr die Nutzung der Website ist wichtig, dass Sie als Nutzer\/in die nachfolgenden Bestimmungen akzeptieren.<\/p>\n\n\n\n<p>2. Durch die Nutzung unserer Website sind Sie mit den Nutzungsbedingungen unserer Website einverstanden. Durch Ihr Einverst\u00e4ndnis garantieren Sie uns, dass Sie keine Beitr\u00e4ge erstellen werden, die gegen die Nutzungsbedingung versto\u00dfen.<\/p>\n\n\n\n<p>3. Gegenstand von MyTrails ist Folgendes:<\/p>\n\n\n\n<p>&#8211; Das Bereitstellen von Informationen zu Trekkingtouren und Weitwanderungen<br>&#8211; Das Betreiben einer Community zum Thema Trekking und Weitwandern<\/p>\n\n\n\n<p><strong>\u00a7 2<\/strong><\/p>\n\n\n\n<p><strong>Kontaktdaten und rechtliche Hinweise<\/strong><\/p>\n\n\n\n<p>Sollten Sie Fragen bez\u00fcglich unserer Website haben, k\u00f6nnen Sie uns unter folgenden Kontaktdaten erreichen:<\/p>\n\n\n\n<p>MyTrails GmbH<br>Am Riedlbach 5<br>D-94152 Neuhaus am Inn<\/p>\n\n\n\n<p>Verantwortlich f\u00fcr redaktionelle Inhalte gem\u00e4\u00df \u00a7 55 Absatz 2 RStV: Stefan Hechberger<\/p>\n\n\n\n<p>Gesch\u00e4ftsf\u00fchrer: Stefan Hechberger<br>Registergericht: Amtsgericht Passau<br>Registernummer: HRB 11726<\/p>\n\n\n\n<p><strong>\u00a7 3<\/strong><\/p>\n\n\n\n<p><strong>Verf\u00fcgbarkeit der Website<\/strong><\/p>\n\n\n\n<p>1. MyTrails hat eine Verf\u00fcgbarkeit von 24 Stunden am Tag. Es kann jedoch vorkommen, dass es aufgrund von Wartungen, die f\u00fcr das Systems erforderlich sind, zu Unterbrechungen der Verf\u00fcgbarkeit kommt. Unterbrechungen der Verf\u00fcgbarkeit k\u00f6nnen unter Anderem aufgrund h\u00f6herer Gewalt oder anderen, von MyTrails nicht zu vertretenden Ursachen, wie zum Beispiel Vorsatz oder grobe Fahrl\u00e4ssigkeit vorkommen.<\/p>\n\n\n\n<p>2. MyTrails GmbH weist darauf hin:<\/p>\n\n\n\n<ul class=\"wp-block-list\">\n<li>dass es technisch unm\u00f6glich ist, die Webseite frei von Fehlern jedweder Art zur Verf\u00fcgung zu stellen und dass MyTrails GmbH deshalb keinerlei Verantwortung daf\u00fcr \u00fcbernimmt,<br><\/li>\n\n\n\n<li>dass Fehler zur zeitweisen Abschaltung der Website f\u00fchren k\u00f6nnen,<br><\/li>\n\n\n\n<li>dass die Verf\u00fcgbarkeit dieser Webseiten von au\u00dferhalb des Einflussbereichs von MyTrails GmbH liegenden Bedingungen und Leistungen abh\u00e4ngig ist, wie z.B. den \u00dcbertragungskapazit\u00e4ten und Telefonverbindungen zwischen den einzelnen Beteiligten. In diesen Bereich fallende St\u00f6rungen haben wir nicht zu verantworten.<br><\/li>\n<\/ul>\n\n\n\n<p><strong>\u00a7 4<\/strong><\/p>\n\n\n\n<p><strong>Diskussionsforen<\/strong><\/p>\n\n\n\n<p>Soweit MyTrails GmbH zeitweise oder dauerhaft auf ihren Webseiten Diskussionsforen anbietet, wird von den Teilnehmern der Diskussionsforen erwartet, dass sie die \u00fcblichen Kommunikationsregeln wie gegenseitigen Respekt beachten. Besucher d\u00fcrfen keine beleidigenden, eventuell herabw\u00fcrdigenden, unfl\u00e4tigen, anst\u00f6\u00dfigen, diffamierenden oder obsz\u00f6nen Materialien oder Materialien, die die geistigen Eigentumsrechte Dritter verletzen, verbreiten oder ver\u00f6ffentlichen.<\/p>\n\n\n\n<p><strong>\u00a7 5<\/strong><\/p>\n\n\n\n<p><strong>Elektronische Kommunikation<\/strong><\/p>\n\n\n\n<p>Wenn Sie einen Dienst von MyTrails nutzen oder E-Mails, Textnachrichten oder andere Mitteilungen von Ihrem Computer oder Ihrem mobilen Ger\u00e4t an uns senden, kommunizieren Sie mit uns elektronisch. Wir werden mit Ihnen auf verschiedene Art und Weise elektronisch kommunizieren, z.B. \u00fcber E-Mail, Textnachrichten oder auch durch die Ver\u00f6ffentlichung elektronischer Nachrichten oder sonstiger Kommunikation auf unserer Website oder im Rahmen sonstiger Dienste von MyTrails. F\u00fcr vertragliche Zwecke stimmen Sie zu, elektronische Kommunikation von uns zu erhalten und dass alle Zustimmungen, Benachrichtigungen, Ver\u00f6ffentlichungen und andere Kommunikation, die wir Ihnen elektronisch mitteilen insofern keine Schriftform erfordern, es sei denn zwingend anzuwendende gesetzliche Vorschriften erfordern eine andere Form der Kommunikation.<\/p>\n\n\n\n<p><strong>\u00a7 6<\/strong><\/p>\n\n\n\n<p><strong>Urheberrecht und Datenbankrechte<\/strong><\/p>\n\n\n\n<p>1. Der gesamte Inhalt, der in einem Dienst von MyTrails enthalten oder durch ihn bereitgestellt wird, wie Text, Grafik, Logos, Button-Icons, Bilder, Audio-Clips, digitale Downloads und Datensammlungen, ist Eigentum von MyTrails oder von Dritten, die Inhalte zuliefern oder auf der Website bereitstellen und ist durch deutsches Urheberrecht und Datenbankrecht gesch\u00fctzt.<\/p>\n\n\n\n<p>2. Auch der Gesamtbestand der Inhalte, der in einem Dienst von MyTrails enthalten oder durch ihn bereitgestellt wird, ist ausschlie\u00dfliches Eigentum von MyTrails und ist durch deutsches Urheberrecht und Datenbankrecht gesch\u00fctzt.<\/p>\n\n\n\n<p>3. Sie d\u00fcrfen ohne unsere ausdr\u00fcckliche schriftliche Zustimmung nicht Teile eines Dienstes von MyTrails systematisch extrahieren und\/oder wiederverwenden. Insbesondere d\u00fcrfen Sie ohne die ausdr\u00fcckliche schriftliche Zustimmung von www.mytrails.info kein Data Mining, keine Robots oder \u00e4hnliche Datensammel- und Extraktionsprogramme einsetzen, um irgendwelche wesentlichen Teile eines Dienstes von MyTrails zur Wiederverwendung zu extrahieren (gleichg\u00fcltig ob einmalig oder mehrfach). Sie d\u00fcrfen ferner ohne die ausdr\u00fcckliche schriftliche Zustimmung von www.mytrails.info keine eigene Datenbank herstellen und\/oder ver\u00f6ffentlichen, die wesentliche Teile eines Dienstes von MyTrails beinhaltet.<\/p>\n\n\n\n<p><strong>\u00a7 7<\/strong><\/p>\n\n\n\n<p><strong>Patente<\/strong><\/p>\n\n\n\n<p>Alle Patente die auf MyTrails angemeldet sind, sind auch auf alle Dienste und sonstige Produkte von MyTrails anwendbar. Es kann vorkommen, dass die jeweiligen Patente unter einem oder mehreren Patenten betrieben werden.<\/p>\n\n\n\n<p><strong>\u00a7 8<\/strong><\/p>\n\n\n\n<p><strong>Ihr Konto<\/strong><\/p>\n\n\n\n<p>1. Der Zugang zu einigen (kostenpflichtigen) Diensten der Website setzt die Erstellung eines Kontos voraus.<\/p>\n\n\n\n<p>2. Die Erstellung eines Kontos ist nur voll gesch\u00e4ftsf\u00e4higen Personen gestattet, denen das Anmeldeformular auf der Website www.mytrails.info bereitgestellt wird.<\/p>\n\n\n\n<p>3. Der Nutzer verpflichtet sich dazu, keine falschen Angaben zu seiner Person zu machen. Des Weiteren verpflichtet sich der Nutzer dazu, seine Angaben regelm\u00e4\u00dfig zu kontrollieren, um die Richtigkeit dieser zu gew\u00e4hrleisten.<\/p>\n\n\n\n<p>4. Wenn Sie einen Dienst von MyTrails nutzen, sind Sie f\u00fcr die Sicherstellung der Vertraulichkeit Ihres Kontos, Passworts und f\u00fcr die Beschr\u00e4nkung des Zugangs zu Ihrem Computer und Ihren mobilen Ger\u00e4ten verantwortlich. Soweit unter anwendbarem Recht zul\u00e4ssig, erkl\u00e4ren Sie sich damit einverstanden, f\u00fcr alle Aktivit\u00e4ten verantwortlich zu sein, die \u00fcber Ihr Konto oder Passwort vorgenommen werden. Sie sollten alle erforderlichen Schritte unternehmen, um sicherzustellen, dass Ihr Passwort geheim gehalten und sicher aufbewahrt wird und Sie sollten uns unverz\u00fcglich informieren, wenn Sie Anlass zur Sorge haben, dass ein Dritter Kenntnis von Ihrem Passwort erlangt hat oder das Passwort unautorisiert genutzt wird oder dies wahrscheinlich ist. Sie sind daf\u00fcr verantwortlich, sicherzustellen, dass Ihre Angaben an uns korrekt und vollst\u00e4ndig sind und dass Sie uns von jeglichen \u00c4nderungen hinsichtlich der von Ihnen gegebenen Informationen in Kenntnis setzen. Sie k\u00f6nnen einige der Informationen, die Sie uns gegeben haben, auf unserer Website einsehen und aktualisieren.<\/p>\n\n\n\n<p>5. Der Nutzer kann seinen Benutzernamen und sein Passwort nachtr\u00e4glich jederzeit \u00e4ndern.<\/p>\n\n\n\n<p>6. Sie d\u00fcrfen einen Dienst von MyTrails nicht in einer Weise verwenden, die dazu geeignet ist, die Dienste oder den Zugang von MyTrails zu unterbrechen, zu besch\u00e4digen oder in sonstiger Art zu beeintr\u00e4chtigen.<\/p>\n\n\n\n<p>7. Des Weiteren d\u00fcrfen Sie die Dienste von MyTrails nicht f\u00fcr betr\u00fcgerische oder in Verbindung mit einer Straftat, rechtswidrigen Aktivit\u00e4ten, Bel\u00e4stigungen oder Unannehmlichkeiten verwenden.<\/p>\n\n\n\n<p>8. Wir behalten uns das Recht vor, Ihnen die Dienste auf der Website vorzuenthalten oder Mitgliedskonten zu schlie\u00dfen. Das gilt insbesondere f\u00fcr den Fall, dass Sie gegen anwendbares Recht, vertragliche Vereinbarungen oder unsere Richtlinien versto\u00dfen.<\/p>\n\n\n\n<p>9. Die Nutzer dieser Website k\u00f6nnen ihr Konto jederzeit l\u00f6schen, indem Sie eine entsprechende Nachricht \u00fcber das Kontaktformular abschicken. Das Konto des Nutzers wird unverz\u00fcglich gel\u00f6scht, sobald der Nutzer das Formular ausgef\u00fcllt und abgeschickt hat.<\/p>\n\n\n\n<p><strong>\u00a7 9<\/strong><\/p>\n\n\n\n<p><strong>Anspr\u00fcche aus Immaterialg\u00fcterrechten<\/strong><\/p>\n\n\n\n<p>MyTrails respektiert die Immaterialg\u00fcterrechte Dritter. Wenn Sie der Auffassung sind, dass Ihre Immaterialg\u00fcterrechte in einer Art genutzt wurden, der Anlass zur Bef\u00fcrchtung einer Verletzung gibt, folgen Sie bitte unserem Verfahren zur Mitteilung an www.mytrails.info \u00fcber eine Rechtsverletzung.<\/p>\n\n\n\n<p><strong>\u00a7 10<\/strong><\/p>\n\n\n\n<p><strong>Haftung<\/strong><\/p>\n\n\n\n<p>1. Wir bem\u00fchen uns stets sicherzustellen, dass die Dienste von MyTrails ohne Unterbrechungen verf\u00fcgbar und \u00dcbermittlungen fehlerfrei sind. Durch die Beschaffenheit des Internets kann dies jedoch nicht garantiert werden. Auch Ihr Zugriff auf die Dienste von MyTrails kann gelegentlich unterbrochen oder beschr\u00e4nkt sein, um Instandsetzungen, Wartungen oder die Einf\u00fchrung neuer Einrichtungen zu erm\u00f6glichen. Wir versuchen die H\u00e4ufigkeit und Dauer jeder dieser vor\u00fcbergehenden Unterbrechungen oder Beschr\u00e4nkungen zu begrenzen.<\/p>\n\n\n\n<p>2. MyTrails haftet unbeschr\u00e4nkt, soweit die Schadensursache auf einer vors\u00e4tzlichen oder grob fahrl\u00e4ssigen Pflichtverletzung von MyTrails oder eines gesetzlichen Vertreters oder Erf\u00fcllungsgehilfen von MyTrails beruht.<\/p>\n\n\n\n<p>3. Ferner haftet MyTrails f\u00fcr die leicht fahrl\u00e4ssige Verletzung von wesentlichen Pflichten. Wesentlich sind Pflichten, deren Verletzung die Erreichung des Vertragszwecks gef\u00e4hrdet oder deren Erf\u00fcllung die ordnungsgem\u00e4\u00dfe Durchf\u00fchrung des Vertrages \u00fcberhaupt erst erm\u00f6glicht und auf deren Einhaltung Sie regelm\u00e4\u00dfig vertrauen. In diesem Fall haftet MyTrails jedoch nur f\u00fcr den vorhersehbaren, vertragstypischen Schaden. MyTrails haftet nicht f\u00fcr die leicht fahrl\u00e4ssige Verletzung anderer als der in den vorstehenden S\u00e4tzen genannten Pflichten.<\/p>\n\n\n\n<p>4. Die vorstehenden Haftungsbeschr\u00e4nkungen gelten nicht bei Verletzung von Leben, K\u00f6rper und Gesundheit, f\u00fcr einen Mangel nach \u00dcbernahme einer Garantie f\u00fcr die Beschaffenheit des Produktes und bei arglistig verschwiegenen M\u00e4ngeln. Die Haftung nach dem Produkthaftungsgesetz bleibt unber\u00fchrt.<\/p>\n\n\n\n<p>5. Soweit die Haftung von MyTrails ausgeschlossen oder beschr\u00e4nkt ist, gilt dies auch f\u00fcr die pers\u00f6nliche Haftung von Arbeitnehmern, Vertretern und Erf\u00fcllungsgehilfen.<\/p>\n\n\n\n<p><strong>\u00a7 11<\/strong><\/p>\n\n\n\n<p><strong>Links zu anderen Website<\/strong><\/p>\n\n\n\n<p>1. F\u00fcr Links, die nicht von der MyTrails GmbH betrieben werden und sich auf deren Webseite befinden, haben wir keinerlei M\u00f6glichkeit, den Inhalt dieser Webseite zu kontrollieren, da diese v\u00f6llig unabh\u00e4ngig von uns ist.<\/p>\n\n\n\n<p>2. Aus diesem Grund \u00fcbernehmen wir keinerlei Verantwortung f\u00fcr die Inhalte dieser Webseiten und die Folgen ihrer Verwendung durch die Besucher dieser. Das Aufrufen aller \u00fcber Links erreichbaren Webseiten geschieht auf eigene Gefahr. Es erfolgt kein gesonderter Hinweis, wenn Benutzer die Website verlassen. Wir bitten Sie aber, uns umgehend auf rechtswidrige und zweifelhafte Inhalte der verlinkten Website aufmerksam zu machen.<\/p>\n\n\n\n<p>3. Andere Webseiten verf\u00fcgen m\u00f6glicherweise \u00fcber einen Link zu den Webseiten von der MyTrails GmbH. Ein solcher Link erfordert unsere vorherige Zustimmung.<\/p>\n\n\n\n<p><strong>\u00a7 12<\/strong><\/p>\n\n\n\n<p><strong>Datenschutz<\/strong><\/p>\n\n\n\n<p>1. Es kann vorkommen, dass Daten und Informationen der Besucher und Nutzer (Datum, Uhrzeit, aufgerufene Seite) \u00fcber den Zugriff auf dem Server gespeichert werden. Wir weisen darauf hin, dass &#8211; ohne Einwilligung &#8211; keine personenbezogenenen (z. B. Name, Anschrift oder E-Mail-Adresse) Daten gespeichert werden.<\/p>\n\n\n\n<p>2. Sollten personenbezogene Daten erhoben werden, verpflichten wir uns dazu, das vorherige Einverst\u00e4ndnis des Nutzers der Website einzuholen. Wir verpflichten uns dazu, keine Daten an Dritte weiterzugeben, es sei denn der Besucher oder Nutzer willigt vorher ein.<\/p>\n\n\n\n<p>3. Wir weisen darauf hin, dass die \u00dcbertragung von Daten im Internet (z. B. per E-Mail) Sicherheitsl\u00fccken aufweisen kann. Demnach kann ein fehlerfreier und st\u00f6rungsfreier Schutz der Daten Dritter nicht vollst\u00e4ndig gew\u00e4hrleistet werden. Diesbez\u00fcglich ist unsere Haftung ausgeschlossen.<\/p>\n\n\n\n<p>4. Dritte sind nicht dazu berechtigt, Kontaktdaten f\u00fcr gewerbliche Aktivit\u00e4ten zu nutzen, sofern der Anbieter den betroffenen Personen vorher eine schriftliche Einwilligung erteilt hat.<\/p>\n\n\n\n<p>5. Der Nutzer hat das Recht auf Auskunft. Sie haben jederzeit das Recht, von uns \u00fcber den Sie betreffenden Datenbestand vollst\u00e4ndig und unentgeltlich Auskunft zu erhalten.<\/p>\n\n\n\n<p>6. Des Weiteren besteht ein Recht auf Berichtigung\/L\u00f6schung von Daten\/ Einschr\u00e4nkung der Verarbeitung f\u00fcr den Nutzer.<\/p>\n\n\n\n<p>7. Weitere Angaben werden separat in der Datenschutzrichtlinie gemacht.<\/p>\n\n\n\n<p><strong>\u00a7 13<\/strong><\/p>\n\n\n\n<p><strong>Cookies<\/strong><\/p>\n\n\n\n<p>1. Zur Anzeige des Produktangebotes kann es vorkommen, dass wir Cookies einsetzen. Bei Cookies handelt es sich um kleine Textdateien, die lokal im Zwischenspeicher des Internet-Browsers des Seitenbesuchers gespeichert werden.<\/p>\n\n\n\n<p>2. Zahlreiche Internetseiten und Server verwenden Cookies. Viele Cookies enthalten eine sogenannte Cookie-ID. Eine Cookie-ID ist eine eindeutige Kennung des Cookies. Sie besteht aus einer Zeichenfolge, durch welche Internetseiten und Server dem konkreten Internetbrowser zugeordnet werden k\u00f6nnen, in dem das Cookie gespeichert wurde. Dies erm\u00f6glicht es den besuchten Internetseiten und Servern, den individuellen Browser der betroffenen Person von anderen Internetbrowsern, die andere Cookies enthalten, zu unterscheiden. Ein bestimmter Internetbrowser kann \u00fcber die eindeutige Cookie-ID wiedererkannt und identifiziert werden.<\/p>\n\n\n\n<p>3. Durch den Einsatz von Cookies kann den Nutzern dieser Internetseite nutzerfreundlichere Services bereitstellen, die ohne die Cookie-Setzung nicht m\u00f6glich w\u00e4ren.<\/p>\n\n\n\n<p>4. Wir weisen Sie darauf hin, dass einige dieser Cookies von unserem Server auf Ihr Computersystem \u00fcberspielt werden, wobei es sich dabei meist um so genannte sitzungsbezogene Cookies handelt. Sitzungsbezogene Cookies zeichnen sich dadurch aus, dass diese automatisch nach Ende der Browser-Sitzung wieder von Ihrer Festplatte gel\u00f6scht werden. Andere Cookies verbleiben auf Ihrem Computersystem und erm\u00f6glichen es uns, Ihr Computersystem bei Ihrem n\u00e4chsten Besuch wieder zu erkennen (sog. dauerhafte Cookies).<\/p>\n\n\n\n<p>5. Sie k\u00f6nnen der Speicherung von Cookies widersprechen, hierzu steht Ihnen ein Banner zu Verf\u00fcgung dem Sie widersprechen\/annehmen k\u00f6nnen.<\/p>\n\n\n\n<p>6. Selbstverst\u00e4ndlich k\u00f6nnen Sie Ihren Browser so einstellen, dass keine Cookies auf der Festplatte abgelegt werden bzw. bereits abgelegte Cookies wieder gel\u00f6scht werden. Die Anweisungen bez\u00fcglich der Verhinderung sowie L\u00f6schung von Cookies k\u00f6nnen Sie der Hilfefunktion Ihres Browsers oder Softwareherstellers entnehmen.<\/p>\n\n\n\n<p><strong>\u00a7 14<\/strong><\/p>\n\n\n\n<p><strong>\u00c4nderungen der Nutzungsbedingugnen<\/strong><\/p>\n\n\n\n<p>Wir behalten uns das Recht vor, \u00c4nderungen an Diensten von MyTrails, Regelwerken, Bedingungen einschlie\u00dflich dieser Nutzungsbedingungen jederzeit vorzunehmen. Sie unterliegen den Allgemeinen Gesch\u00e4ftsbedingungen, Vertragsbedingungen und Nutzungsbedingungen, die zu dem Zeitpunkt in Kraft sind, an dem Sie die Dienste von MyTrails nutzen. Falls eine dieser Bedingungen f\u00fcr unwirksam, nichtig oder aus irgendeinem Grund f\u00fcr undurchsetzbar gehalten wird, gilt diese Regelung als abtrennbar und beeinflusst die G\u00fcltigkeit und Durchsetzbarkeit aller verbleibenden Regelungen nicht.<\/p>\n\n\n\n<p><strong>\u00a7 15<\/strong><\/p>\n\n\n\n<p><strong>Kein Verzicht<\/strong><\/p>\n\n\n\n<p>Wenn Sie diese Nutzungsbedingungen verletzen und wir unternehmen hiergegen nichts, sind wir weiterhin berechtigt, von unseren Rechten bei jeder anderen Gelegenheit, in der Sie diese Nutzungsbedingungen verletzen, Gebrauch zu machen.<\/p>\n\n\n\n<p><strong>\u00a7 16<\/strong><\/p>\n\n\n\n<p><strong>Gerichtsstand und anwendbares Recht<\/strong><\/p>\n\n\n\n<p>1. F\u00fcr Meinungsverschiedenheiten und Streitigkeiten anl\u00e4sslich dieses Vertrages gilt ausschlie\u00dflich das Recht der Bundesrepublik Deutschland unter Ausschluss des UN-Kaufrechts.<\/p>\n\n\n\n<p>2. Alleiniger Gerichtsstand bei Bestellungen von Kaufleuten, juristischen Personen des \u00f6ffentlichen Rechts oder \u00f6ffentlich-rechtlichen Sonderverm\u00f6gen ist der Sitz des Anbieters.<\/p>\n\n\n\n<p><strong>\u00a7 17<\/strong><\/p>\n\n\n\n<p><strong>Schlussbestimmungen<\/strong><\/p>\n\n\n\n<p>1. Die Vertragssprache ist deutsch.<\/p>\n\n\n\n<p>2. Wenn Sie diese allgemeinen Nutzungsbedingungen verletzen und wir unternehmen hiergegen nichts, sind wir weiterhin berechtigt, von unseren Rechten bei jeder anderen Gelegenheit, in der Sie diese Nutzungsbedingungen verletzen, Gebrauch zu machen.<\/p>\n\n\n\n<p>3. Wir behalten uns das Recht vor, \u00c4nderungen an unserer Website, Regelwerken, Bedingungen einschlie\u00dflich dieser Nutzungsbedingungen jederzeit vorzunehmen. Falls eine Regelung in diesen Nutzungsbedingungen unwirksam, nichtig oder aus irgendeinem Grund undurchsetzbar ist, gilt diese Regelung als abtrennbar und beeinflusst die G\u00fcltigkeit und Durchsetzbarkeit der verbleibenden Regelungen nicht.<\/p>\n\n\n\n<p>4. Die Unwirksamkeit einer Bestimmung ber\u00fchrt die Wirksamkeit der anderen Bestimmungen aus dem Vertrag nicht. Sollte dieser Fall eintreten, soll die Bestimmung nach Sinn und Zweck durch eine andere rechtlich zul\u00e4ssige Bestimmung ersetzt werden, die dem Sinn und Zweck der unwirksamen Bestimmung entspricht.<\/p>\n","protected":false},"excerpt":{"rendered":"<p>MyTrails Willkommen bei MyTrails! Bitte lesen Sie die folgenden, f\u00fcr jeden Besucher der Website www.mytrails.info (im Folgenden &#8222;Website&#8220; genannt) geltenden Nutzungsbedingungen durch.&hellip;<\/p>\n","protected":false},"author":2,"featured_media":0,"parent":0,"menu_order":0,"comment_status":"closed","ping_status":"closed","template":"","meta":{"footnotes":""},"class_list":["post-3809","page","type-page","status-publish","hentry"],"_links":{"self":[{"href":"https:\/\/mytrails.info\/de\/wp-json\/wp\/v2\/pages\/3809","targetHints":{"allow":["GET"]}}],"collection":[{"href":"https:\/\/mytrails.info\/de\/wp-json\/wp\/v2\/pages"}],"about":[{"href":"https:\/\/mytrails.info\/de\/wp-json\/wp\/v2\/types\/page"}],"author":[{"embeddable":true,"href":"https:\/\/mytrails.info\/de\/wp-json\/wp\/v2\/users\/2"}],"replies":[{"embeddable":true,"href":"https:\/\/mytrails.info\/de\/wp-json\/wp\/v2\/comments?post=3809"}],"version-history":[{"count":1,"href":"https:\/\/mytrails.info\/de\/wp-json\/wp\/v2\/pages\/3809\/revisions"}],"predecessor-version":[{"id":3810,"href":"https:\/\/mytrails.info\/de\/wp-json\/wp\/v2\/pages\/3809\/revisions\/3810"}],"wp:attachment":[{"href":"https:\/\/mytrails.info\/de\/wp-json\/wp\/v2\/media?parent=3809"}],"curies":[{"name":"wp","href":"https:\/\/api.w.org\/{rel}","templated":true}]}}