{"id":4112,"date":"2023-02-08T13:05:53","date_gmt":"2023-02-08T11:05:53","guid":{"rendered":"https:\/\/mytrails.info\/?page_id=4112"},"modified":"2023-02-08T13:05:54","modified_gmt":"2023-02-08T11:05:54","slug":"arizona-trail","status":"publish","type":"page","link":"https:\/\/mytrails.info\/de\/arizona-trail\/","title":{"rendered":"Arizona Trail"},"content":{"rendered":"\n<p>Der Arizona Trail ist ein wundersch\u00f6ner Fernwanderweg, der sich von Mexiko bis Utah durch ganz Arizona in den Vereinigten Staaten erstreckt. Auf dem Trail kannst du die abwechslungsreichen Landschaften des Bundesstaats entdecken. \u00dcber den 1258 km langen Weitwanderweg hinweg wechseln sich W\u00fcsten, Canyons, W\u00e4lder und Berge ab. Abh\u00e4ngig von deiner Fitness solltest du ungef\u00e4hr 63 Tage einplanen, um die gesamte Strecke zu bew\u00e4ltigen. Es k\u00f6nnen nat\u00fcrlich auch nur Teilstrecken des Trails bewandert werden. Aufgrund des teilweise anspruchsvollen Terrains und der empfehlen wir den Fernwanderweg haupts\u00e4chlich Wanderern, die schon etwas Erfahrung mitbringen. Die beste Zeit den Arizona Trail zu wandern ist von M\u00e4rz bis April und Oktober bis November, da die Temperatur in diesen Monaten am mildesten sind.<br>Konnten wir dich vom Arizona Trail \u00fcberzeugen? Dann klick auf die Box unten, um noch mehr \u00fcber den Trail zu erfahren!<\/p>\n","protected":false},"excerpt":{"rendered":"<p>Der Arizona Trail ist ein wundersch\u00f6ner Fernwanderweg, der sich von Mexiko bis Utah durch ganz Arizona in den Vereinigten Staaten erstreckt. Auf&hellip;<\/p>\n","protected":false},"author":2,"featured_media":0,"parent":0,"menu_order":0,"comment_status":"closed","ping_status":"closed","template":"","meta":{"footnotes":""},"class_list":["post-4112","page","type-page","status-publish","hentry"],"_links":{"self":[{"href":"https:\/\/mytrails.info\/de\/wp-json\/wp\/v2\/pages\/4112","targetHints":{"allow":["GET"]}}],"collection":[{"href":"https:\/\/mytrails.info\/de\/wp-json\/wp\/v2\/pages"}],"about":[{"href":"https:\/\/mytrails.info\/de\/wp-json\/wp\/v2\/types\/page"}],"author":[{"embeddable":true,"href":"https:\/\/mytrails.info\/de\/wp-json\/wp\/v2\/users\/2"}],"replies":[{"embeddable":true,"href":"https:\/\/mytrails.info\/de\/wp-json\/wp\/v2\/comments?post=4112"}],"version-history":[{"count":1,"href":"https:\/\/mytrails.info\/de\/wp-json\/wp\/v2\/pages\/4112\/revisions"}],"predecessor-version":[{"id":4113,"href":"https:\/\/mytrails.info\/de\/wp-json\/wp\/v2\/pages\/4112\/revisions\/4113"}],"wp:attachment":[{"href":"https:\/\/mytrails.info\/de\/wp-json\/wp\/v2\/media?parent=4112"}],"curies":[{"name":"wp","href":"https:\/\/api.w.org\/{rel}","templated":true}]}}