{"id":5111,"date":"2023-09-18T22:42:30","date_gmt":"2023-09-18T20:42:30","guid":{"rendered":"https:\/\/mytrails.info\/?page_id=5111"},"modified":"2023-09-18T22:42:32","modified_gmt":"2023-09-18T20:42:32","slug":"packlistenmanager-bedienungsanleitung","status":"publish","type":"page","link":"https:\/\/mytrails.info\/de\/packlistenmanager-bedienungsanleitung\/","title":{"rendered":"Wie funktioniert der Packlistenmanager?"},"content":{"rendered":"\n<p>Unser Packlistenmanager ist weltweit einzigartig und bietet dir die M\u00f6glichkeit eine komplett individuelle und perfekt abgestimmte Packliste f\u00fcr dein Abenteuer zu erstellen. Auch wenn er sehr einfach von der Bedienung ist, m\u00f6chten wir diese hier noch einmal kurz erkl\u00e4ren:<\/p>\n\n\n\n<h2 class=\"wp-block-heading\">Auswahl des Monats<\/h2>\n\n\n\n<p>Als erstes musst du dich f\u00fcr deinen Monat entscheiden? Wann m\u00f6chtest du die Trekkingtour gehen?  Bei unseren eigenen Touren sind die empfohlenen Monate grau hervorgehoben. So kannst du auf den ersten Blick erkennen, wann die beste Zeit f\u00fcr die Wanderung ist. Markiere also bitte einfach deinen Wunschmonat!<\/p>\n\n\n\n<figure class=\"wp-block-image size-full is-resized\"><img fetchpriority=\"high\" decoding=\"async\" src=\"https:\/\/mytrails.info\/wp-content\/uploads\/2023\/09\/Auswahl-Monat-Packlistenmanager.png\" alt=\"\" class=\"wp-image-5117\" style=\"width:508px;height:119px\" width=\"508\" height=\"119\" srcset=\"https:\/\/mytrails.info\/wp-content\/uploads\/2023\/09\/Auswahl-Monat-Packlistenmanager.png 628w, https:\/\/mytrails.info\/wp-content\/uploads\/2023\/09\/Auswahl-Monat-Packlistenmanager-300x70.png 300w, https:\/\/mytrails.info\/wp-content\/uploads\/2023\/09\/Auswahl-Monat-Packlistenmanager-585x137.png 585w\" sizes=\"(max-width: 508px) 100vw, 508px\" \/><\/figure>\n\n\n\n<h2 class=\"wp-block-heading\">Auswahl individueller Faktoren<\/h2>\n\n\n\n<p>Im zweiten Schritt kannst du deine Packliste individualisieren. W\u00e4hle dein Geschlecht und ob du auf deiner Trekkingtour unterwegs kochen und\/oder im Zelt schlafen m\u00f6chtest.<\/p>\n\n\n\n<figure class=\"wp-block-image size-full is-resized\"><img decoding=\"async\" src=\"https:\/\/mytrails.info\/wp-content\/uploads\/2023\/09\/Packlistenmanager-MyTrails-Auswahl.png\" alt=\"\" class=\"wp-image-5119\" style=\"width:448px;height:273px\" width=\"448\" height=\"273\" srcset=\"https:\/\/mytrails.info\/wp-content\/uploads\/2023\/09\/Packlistenmanager-MyTrails-Auswahl.png 636w, https:\/\/mytrails.info\/wp-content\/uploads\/2023\/09\/Packlistenmanager-MyTrails-Auswahl-300x183.png 300w, https:\/\/mytrails.info\/wp-content\/uploads\/2023\/09\/Packlistenmanager-MyTrails-Auswahl-585x356.png 585w\" sizes=\"(max-width: 448px) 100vw, 448px\" \/><\/figure>\n\n\n\n<h2 class=\"wp-block-heading\">Bearbeitung deiner individuellen Packliste <\/h2>\n\n\n\n<p>Im Dritten und letzten Schritt wird deine Packliste erstellt und du kannst die mit verschiedenen Einstellungsm\u00f6glichkeiten noch bearbeiten.<\/p>\n\n\n\n<p>S\u00e4mtliche gemachten Angaben (ausgew\u00e4hlter Monat und die pers\u00f6nlichen Eingaben) kannst du durch einen Klick auf den Monat nochmal \u00e4ndern:<\/p>\n\n\n\n<figure class=\"wp-block-image size-full is-resized\"><img decoding=\"async\" src=\"https:\/\/mytrails.info\/wp-content\/uploads\/2023\/09\/image.png\" alt=\"\" class=\"wp-image-5121\" style=\"width:101px;height:42px\" width=\"101\" height=\"42\"\/><\/figure>\n\n\n\n<p>Durch einen Klick auf den Monat \u00f6ffnet sich eine Eingabemaske und du kannst alles nochmal \u00e4ndern:<\/p>\n\n\n\n<figure class=\"wp-block-image size-full is-resized\"><img loading=\"lazy\" decoding=\"async\" src=\"https:\/\/mytrails.info\/wp-content\/uploads\/2023\/09\/image-1.png\" alt=\"\" class=\"wp-image-5123\" style=\"width:590px;height:259px\" width=\"590\" height=\"259\" srcset=\"https:\/\/mytrails.info\/wp-content\/uploads\/2023\/09\/image-1.png 870w, https:\/\/mytrails.info\/wp-content\/uploads\/2023\/09\/image-1-300x132.png 300w, https:\/\/mytrails.info\/wp-content\/uploads\/2023\/09\/image-1-768x337.png 768w, https:\/\/mytrails.info\/wp-content\/uploads\/2023\/09\/image-1-585x257.png 585w\" sizes=\"(max-width: 590px) 100vw, 590px\" \/><\/figure>\n\n\n\n<h3 class=\"wp-block-heading\">Temperatur am Trail<\/h3>\n\n\n\n<p>Etwas weiter unten findest du eine Temperaturskala. Diese gibt an, mit welchen Temperaturen du im ausgew\u00e4hlten Monat auf deiner Trekkingtour rechnen kannst. Im Beispiel kannst du nachts mit Minimaltemperaturen um die 3\u00b0C rechnen, tags\u00fcber mit bis zu 20\u00b0C. Diese Temperaturen wurden durch historische Klimadaten der letzten 10 Jahre berechnet. Hierzu wurden die Koordinaten des Trails verwendet, um eine m\u00f6glichst genaue Anzeige zu erhalten.<\/p>\n\n\n\n<p><strong>Wichtig: <\/strong>Dies ist keine Vorhersage und die Angaben sind nicht 100% verl\u00e4sslich, sondern stellen lediglich einen Richtwert dar! <\/p>\n\n\n\n<figure class=\"wp-block-image size-full\"><img loading=\"lazy\" decoding=\"async\" width=\"890\" height=\"116\" src=\"https:\/\/mytrails.info\/wp-content\/uploads\/2023\/09\/image-2.png\" alt=\"\" class=\"wp-image-5125\" srcset=\"https:\/\/mytrails.info\/wp-content\/uploads\/2023\/09\/image-2.png 890w, https:\/\/mytrails.info\/wp-content\/uploads\/2023\/09\/image-2-300x39.png 300w, https:\/\/mytrails.info\/wp-content\/uploads\/2023\/09\/image-2-768x100.png 768w, https:\/\/mytrails.info\/wp-content\/uploads\/2023\/09\/image-2-585x76.png 585w\" sizes=\"(max-width: 890px) 100vw, 890px\" \/><\/figure>\n\n\n\n<p>Unter der Temperaturskala findest du die erstellte Packliste. Sie ist exakt auf deinen Trail, im ausgew\u00e4hlten Monat angepasst. Dennoch wirst du vielleicht den einen oder anderen Artikel \u00e4ndern, l\u00f6schen oder hinzuf\u00fcgen wollen. Das kannst du, indem du die einzelne Kategorie ausklappst und auf den Stift klickst.<\/p>\n\n\n\n<figure class=\"wp-block-image size-full\"><img loading=\"lazy\" decoding=\"async\" width=\"881\" height=\"66\" src=\"https:\/\/mytrails.info\/wp-content\/uploads\/2023\/09\/image-3.png\" alt=\"\" class=\"wp-image-5128\" srcset=\"https:\/\/mytrails.info\/wp-content\/uploads\/2023\/09\/image-3.png 881w, https:\/\/mytrails.info\/wp-content\/uploads\/2023\/09\/image-3-300x22.png 300w, https:\/\/mytrails.info\/wp-content\/uploads\/2023\/09\/image-3-768x58.png 768w, https:\/\/mytrails.info\/wp-content\/uploads\/2023\/09\/image-3-585x44.png 585w\" sizes=\"(max-width: 881px) 100vw, 881px\" \/><\/figure>\n\n\n\n<p>Nun hast du die M\u00f6glichkeit, Artikel zu l\u00f6schen (Klick auf das X hinter dem Artikel), Artikel zu \u00e4ndern (Klicke dazu einfach auf den Artikelnamen) oder Artikel hinzuzuf\u00fcgen (Klick auf &#8222;Neues Element&#8220; unten in der Kategorie).<\/p>\n\n\n\n<p>Wenn die Packliste deinen W\u00fcnschen entspricht, kannst du sie mit Hilfe des Teilen-Button ganz unten per Mail oder Link an deine Freunde und Bekannte schicken:<\/p>\n\n\n\n<figure class=\"wp-block-image size-full is-resized\"><img loading=\"lazy\" decoding=\"async\" src=\"https:\/\/mytrails.info\/wp-content\/uploads\/2023\/09\/image-4.png\" alt=\"\" class=\"wp-image-5131\" style=\"width:116px;height:45px\" width=\"116\" height=\"45\"\/><\/figure>\n\n\n\n<p>So einfach ist das Erstellen einer Packliste mit unserem Packlistenmanager. Wir w\u00fcnschen dir dann noch viel Spa\u00df bei deinem n\u00e4chsten Abenteuer!<\/p>\n","protected":false},"excerpt":{"rendered":"<p>Unser Packlistenmanager ist weltweit einzigartig und bietet dir die M\u00f6glichkeit eine komplett individuelle und perfekt abgestimmte Packliste f\u00fcr dein Abenteuer zu erstellen.&hellip;<\/p>\n","protected":false},"author":2,"featured_media":0,"parent":0,"menu_order":0,"comment_status":"closed","ping_status":"closed","template":"","meta":{"footnotes":""},"class_list":["post-5111","page","type-page","status-publish","hentry"],"_links":{"self":[{"href":"https:\/\/mytrails.info\/de\/wp-json\/wp\/v2\/pages\/5111","targetHints":{"allow":["GET"]}}],"collection":[{"href":"https:\/\/mytrails.info\/de\/wp-json\/wp\/v2\/pages"}],"about":[{"href":"https:\/\/mytrails.info\/de\/wp-json\/wp\/v2\/types\/page"}],"author":[{"embeddable":true,"href":"https:\/\/mytrails.info\/de\/wp-json\/wp\/v2\/users\/2"}],"replies":[{"embeddable":true,"href":"https:\/\/mytrails.info\/de\/wp-json\/wp\/v2\/comments?post=5111"}],"version-history":[{"count":9,"href":"https:\/\/mytrails.info\/de\/wp-json\/wp\/v2\/pages\/5111\/revisions"}],"predecessor-version":[{"id":5134,"href":"https:\/\/mytrails.info\/de\/wp-json\/wp\/v2\/pages\/5111\/revisions\/5134"}],"wp:attachment":[{"href":"https:\/\/mytrails.info\/de\/wp-json\/wp\/v2\/media?parent=5111"}],"curies":[{"name":"wp","href":"https:\/\/api.w.org\/{rel}","templated":true}]}}